{"id":279,"date":"2018-01-23T08:31:53","date_gmt":"2018-01-23T08:31:53","guid":{"rendered":"http:\/\/demo.wphash.com\/paglagarod\/?page_id=279"},"modified":"2025-12-03T10:08:29","modified_gmt":"2025-12-03T10:08:29","slug":"fees-and-contact","status":"publish","type":"page","link":"https:\/\/therapy-on-sea.co.uk\/pl\/fees-and-contact\/","title":{"rendered":"OP\u0141ATY I KONTAKT"},"content":{"rendered":"<p><section class=\"kc-elm kc-css-422045 kc_row\"><div class=\"kc-row-container  kc-container\"><div class=\"kc-wrap-columns\"><div class=\"kc-elm kc-css-383440 kc_col-sm-12 kc_column kc_col-sm-12\"><div class=\"kc-col-container\">\n<div class=\"kc-elm kc-css-647829 kc-pricing-tables kc-pricing-layout-2\">\n\n\t<div class=\"header-pricing\"><div class=\"content-title\">Individual therapy<\/div><div class=\"kc-pricing-price\"><span class=\"content-currency\">\u00a3<\/span><span class=\"content-price\">70<\/span><span class=\"content-duration\">\/ sesja<\/span><\/div><\/div><ul class=\"content-desc\"><li>Sesja trwa 50 minut <\/li><\/ul>\n<\/div>\n<div class=\"kc-elm kc-css-252219\" style=\"height: 30px; clear: both; width:100%;\"><\/div>\n<div class=\"kc-elm kc-css-59765 kc-pricing-tables kc-pricing-layout-2\">\n\n\t<div class=\"header-pricing\"><div class=\"content-title\">Couples therapy<\/div><div class=\"kc-pricing-price\"><span class=\"content-currency\">\u00a3<\/span><span class=\"content-price\">100<\/span><span class=\"content-duration\">\/ sesja<\/span><\/div><\/div><ul class=\"content-desc\"><li>Sesja trwa 50 minut <\/li><\/ul>\n<\/div>\n<\/div><\/div><\/div><\/div><\/section><section class=\"kc-elm kc-css-308373 kc_row\"><div class=\"kc-row-container  kc-container\"><div class=\"kc-wrap-columns\"><div class=\"kc-elm kc-css-639447 kc_col-sm-12 kc_column kc_col-sm-12\"><div class=\"kc-col-container\"><div class=\"kc-elm kc-css-40729 kc_text_block\"><\/p>\n<p style=\"text-align: center;\"><span style=\"font-style: inherit; font-family: -apple-system, BlinkMacSystemFont, \" segoe=\"\" ui\",=\"\" roboto,=\"\" oxygen-sans,=\"\" ubuntu,=\"\" cantarell,=\"\" \"helvetica=\"\" neue\",=\"\" sans-serif;\"=\"\">Przyjmuj\u0119 osobi\u015bcie w gabinecie Hastings, niedaleko Stacji Kolejowej Hastings.\u00a0<\/span><\/p>\n<p style=\"text-align: center;\"><span style=\"font-style: inherit; font-family: -apple-system, BlinkMacSystemFont, \" segoe=\"\" ui\",=\"\" roboto,=\"\" oxygen-sans,=\"\" ubuntu,=\"\" cantarell,=\"\" \"helvetica=\"\" neue\",=\"\" sans-serif;\"=\"\">Podczas rozmowy telefonicznej lub mailowej, na kt\u00f3rej ustalimy termin spotkania, opowiem, jak najlepiej przygotowa\u0107 si\u0119 do sesji online.<\/span><\/p>\n<p style=\"text-align: center;\">Sesje odbywaj\u0105 si\u0119 od 9:00 do 19:00 od poniedzia\u0142ku do \u015brody i w pi\u0105tki.<\/p>\n<p>\n<\/div><\/div><\/div><\/div><\/div><\/section><section class=\"kc-elm kc-css-184312 kc_row\"><div class=\"kc-row-container  kc-container\"><div class=\"kc-wrap-columns\"><div class=\"kc-elm kc-css-481669 kc_col-sm-12 kc_column kc_col-sm-12\"><div class=\"kc-col-container\"><div class=\"kc-contact-form7 kc-elm kc-css-972624 htc__appoinment__form\"><h2>Zapraszam do kontaktu<\/h2><div role=\"form\" class=\"wpcf7\" id=\"wpcf7-f138-o1\" lang=\"en-US\" dir=\"ltr\">\n<div class=\"screen-reader-response\"><p role=\"status\" aria-live=\"polite\" aria-atomic=\"true\"><\/p> <ul><\/ul><\/div>\n<form action=\"\/pl\/wp-json\/wp\/v2\/pages\/279#wpcf7-f138-o1\" method=\"post\" class=\"wpcf7-form init\" novalidate=\"novalidate\" data-status=\"init\" data-trp-original-action=\"\/pl\/wp-json\/wp\/v2\/pages\/279#wpcf7-f138-o1\">\n<div style=\"display: none;\">\n<input type=\"hidden\" name=\"_wpcf7\" value=\"138\" \/>\n<input type=\"hidden\" name=\"_wpcf7_version\" value=\"5.6.3\" \/>\n<input type=\"hidden\" name=\"_wpcf7_locale\" value=\"en_US\" \/>\n<input type=\"hidden\" name=\"_wpcf7_unit_tag\" value=\"wpcf7-f138-o1\" \/>\n<input type=\"hidden\" name=\"_wpcf7_container_post\" value=\"0\" \/>\n<input type=\"hidden\" name=\"_wpcf7_posted_data_hash\" value=\"\" \/>\n<\/div>\n<div class=\"htc__app__box__inner\">\n<div class=\"htc__app__box\"><span>Imi\u0119<\/span><br \/>\n<span class=\"wpcf7-form-control-wrap\" data-name=\"text-455\"><input type=\"text\" name=\"text-455\" value=\"\" size=\"40\" class=\"wpcf7-form-control wpcf7-text\" aria-invalid=\"false\" \/><\/span><\/div>\n<div class=\"htc__app__box\"><span>Tw\u00f3j adres e-mail<\/span><br \/>\n<span class=\"wpcf7-form-control-wrap\" data-name=\"email-316\"><input type=\"email\" name=\"email-316\" value=\"\" size=\"40\" class=\"wpcf7-form-control wpcf7-text wpcf7-email wpcf7-validates-as-required wpcf7-validates-as-email\" aria-required=\"true\" aria-invalid=\"false\" \/><\/span><\/div>\n<\/div>\n<div class=\"htc__app__box__inner\">\n<div class=\"htc__app__box\"><span>Tytu\u0142 wiadomo\u015bci<\/span><br \/>\n<span class=\"wpcf7-form-control-wrap\" data-name=\"text-455\"><input type=\"text\" name=\"text-455\" value=\"\" size=\"40\" class=\"wpcf7-form-control wpcf7-text\" aria-invalid=\"false\" \/><\/span><\/div>\n<div class=\"htc__app__box psy__calendar\"><span>Data<\/span><br \/>\n<span class=\"wpcf7-form-control-wrap\" data-name=\"date-656\"><input type=\"date\" name=\"date-656\" value=\"\" class=\"wpcf7-form-control wpcf7-date wpcf7-validates-as-date\" aria-invalid=\"false\" \/><\/span><\/div>\n<\/div>\n<div class=\"htc__app__box__inner message\">\n<div class=\"htc__app__box message\"><span>Wiadomo\u015b\u0107<\/span><br \/>\n<span class=\"wpcf7-form-control-wrap\" data-name=\"textarea-270\"><textarea name=\"textarea-270\" cols=\"40\" rows=\"10\" class=\"wpcf7-form-control wpcf7-textarea\" aria-invalid=\"false\"><\/textarea><\/span><\/div>\n<\/div>\n<div class=\"ht__appoin__btn\"><input type=\"submit\" value=\"Wy\u015blij\" class=\"wpcf7-form-control has-spinner wpcf7-submit htc__btn\" \/><\/div>\n<div class=\"wpcf7-response-output\" aria-hidden=\"true\"><\/div><input type=\"hidden\" name=\"trp-form-language\" value=\"pl\"\/><\/form><\/div><\/div><\/div><\/div><\/div><\/div><\/section><section class=\"kc-elm kc-css-532956 kc_row\"><div class=\"kc-row-container  kc-container\"><div class=\"kc-wrap-columns\"><div class=\"kc-elm kc-css-503230 kc_col-sm-12 kc_column kc_col-sm-12\"><div class=\"kc-col-container\"><div class=\"kc-elm kc-css-616891 kc_row kc_row_inner\"><div class=\"kc-elm kc-css-43916 kc_col-sm-4 kc_column_inner kc_col-sm-4\"><div class=\"kc_wrapper kc-col-inner-container\"><div class=\"kc-elm kc-css-809056 kc-feature-boxes kc-fb-layout-1\">\n\n\t<div class=\"content-icon\"><i class=\"fa-map-marker\"><\/i><\/div><div class=\"content-desc\">Hastings, UK<\/div>\n<\/div>\n<\/div><\/div><div class=\"kc-elm kc-css-511621 kc_col-sm-4 kc_column_inner kc_col-sm-4\"><div class=\"kc_wrapper kc-col-inner-container\"><div class=\"kc-elm kc-css-864401 kc-feature-boxes kc-fb-layout-1\">\n\n\t<div class=\"content-icon\"><i class=\"fa-phone\"><\/i><\/div><div class=\"content-desc\">+44 7485 497 493<\/div>\n<\/div>\n<\/div><\/div><div class=\"kc-elm kc-css-142058 kc_col-sm-4 kc_column_inner kc_col-sm-4\"><div class=\"kc_wrapper kc-col-inner-container\"><div class=\"kc-elm kc-css-99941 kc-feature-boxes kc-fb-layout-1\">\n\n\t<div class=\"content-icon\"><i class=\"fa-globe\"><\/i><\/div><div class=\"content-desc\">karolina@therapy-on-sea.co.uk<\/div>\n<\/div>\n<\/div><\/div><\/div><\/div><\/div><\/div><\/div><\/section><section class=\"kc-elm kc-css-188185 kc_row\"><div class=\"kc-row-container\"><div class=\"kc-wrap-columns\"><div class=\"kc-elm kc-css-586951 kc_col-sm-12 kc_column kc_col-sm-12\"><div class=\"kc-col-container\">\t<div class=\"kc-elm kc-css-314909\">\n\n\t\t<!-- Google Map Start -->\n        <div class=\"contact-map\">\n            <!--  Map Section -->\n            <div id=\"contacts\" class=\"map-area\">\n                <div id=\"googleMap-887065\" style=\"width:100%;height:690px;\"><\/div>\n            <\/div>\n        <\/div>\n        <!-- Google Map End -->\n     \n\t<\/div>\n\n\n\t<script src=\"https:\/\/maps.googleapis.com\/maps\/api\/js?key=AIzaSyADO4O3dRif-OVww49-QBRmdBht6IgVT30\"><\/script>\n\t<script>\n\n\t\t$disable_mouse_scroll = false;\n\n        function init() {\n            var mapOptions = {\n                zoom: 11,\n                scrollwheel: $disable_mouse_scroll,\n                center: new google.maps.LatLng(50.855382, 0.552574),\n                styles: [{\"featureType\":\"all\",\"elementType\":\"labels.text.fill\",\"stylers\":[{\"saturation\":36},{\"color\":\"#000000\"},{\"lightness\":40}]},{\"featureType\":\"all\",\"elementType\":\"labels.text.stroke\",\"stylers\":[{\"visibility\":\"on\"},{\"color\":\"#000000\"},{\"lightness\":16}]},{\"featureType\":\"all\",\"elementType\":\"labels.icon\",\"stylers\":[{\"visibility\":\"off\"}]},{\"featureType\":\"administrative\",\"elementType\":\"geometry.fill\",\"stylers\":[{\"color\":\"#000000\"},{\"lightness\":20}]},{\"featureType\":\"administrative\",\"elementType\":\"geometry.stroke\",\"stylers\":[{\"color\":\"#000000\"},{\"lightness\":17},{\"weight\":1.2}]},{\"featureType\":\"landscape\",\"elementType\":\"geometry\",\"stylers\":[{\"color\":\"#000000\"},{\"lightness\":20}]},{\"featureType\":\"poi\",\"elementType\":\"geometry\",\"stylers\":[{\"color\":\"#000000\"},{\"lightness\":21}]},{\"featureType\":\"road.highway\",\"elementType\":\"geometry.fill\",\"stylers\":[{\"color\":\"#000000\"},{\"lightness\":17}]},{\"featureType\":\"road.highway\",\"elementType\":\"geometry.stroke\",\"stylers\":[{\"color\":\"#000000\"},{\"lightness\":29},{\"weight\":0.2}]},{\"featureType\":\"road.arterial\",\"elementType\":\"geometry\",\"stylers\":[{\"color\":\"#000000\"},{\"lightness\":18}]},{\"featureType\":\"road.local\",\"elementType\":\"geometry\",\"stylers\":[{\"color\":\"#000000\"},{\"lightness\":16}]},{\"featureType\":\"transit\",\"elementType\":\"geometry\",\"stylers\":[{\"color\":\"#000000\"},{\"lightness\":19}]},{\"featureType\":\"water\",\"elementType\":\"geometry\",\"stylers\":[{\"color\":\"#000000\"},{\"lightness\":17}]}]            };\n            var mapElement = document.getElementById('googleMap-887065');\n            var map = new google.maps.Map(mapElement, mapOptions);\n            var marker = new google.maps.Marker({\n                position: new google.maps.LatLng(50.855382, 0.552574),\n                animation:google.maps.Animation.BOUNCE,\n                map: map,\n                icon: 'https:\/\/therapy-on-sea.co.uk\/wp-content\/uploads\/2018\/01\/map.png',\n                title: 'Snazzy!'\n            });\n        }\n        google.maps.event.addDomListener(window, 'load', init);\n\t<\/script>\n\n\n\n\t<\/div><\/div><\/div><\/div><\/section><section class=\"kc-elm kc-css-820822 kc_row\"><div class=\"kc-row-container  kc-container  subscribe--3\"><div class=\"kc-wrap-columns\"><div class=\"kc-elm kc-css-293720 kc_col-sm-5 kc_column kc_col-sm-5 htc__subscribe__inner\"><div class=\"kc-col-container\">\n<div class=\"kc-elm kc-css-823177 kc-title-wrap\">\n\n\t<h2 class=\"kc_title\">Subscribe Email<\/h2>\n<\/div>\n\n<div class=\"kc-elm kc-css-527783 kc-title-wrap\">\n\n\t<h4 class=\"kc_title\">Get our latest news & update regularly<\/h4>\n<\/div>\n<\/div><\/div><div class=\"kc-elm kc-css-420625 kc_col-sm-7 kc_column kc_col-sm-7\"><div class=\"kc-col-container\"><div class=\"kc-elm kc-css-183556 kc_text_block\"><\/p>\n<p><script>(function() {\n\twindow.mc4wp = window.mc4wp || {\n\t\tlisteners: [],\n\t\tforms: {\n\t\t\ton: function(evt, cb) {\n\t\t\t\twindow.mc4wp.listeners.push(\n\t\t\t\t\t{\n\t\t\t\t\t\tevent   : evt,\n\t\t\t\t\t\tcallback: cb\n\t\t\t\t\t}\n\t\t\t\t);\n\t\t\t}\n\t\t}\n\t}\n})();\n<\/script><!-- Mailchimp for WordPress v4.8.10 - https:\/\/wordpress.org\/plugins\/mailchimp-for-wp\/ --><\/p>\n<form id=\"mc4wp-form-1\" class=\"mc4wp-form mc4wp-form-155\" method=\"post\" data-id=\"155\" data-name=\"Paglagarod\" action=\"\" >\n<div class=\"mc4wp-form-fields\">\n<div id=\"mc_embed_signup_scroll\" class=\"htc__news__inner\">\n<div class=\"news__input\"><input type=\"email\" name=\"EMAIL\" placeholder=\"Your email address\" required \/>\n  <\/div>\n<div class=\"clearfix subscribe__btn\"><input type=\"submit\" value=\"Sign up\" class=\"bst__btn btn--white__color\" \/>\n  <\/div>\n<\/div>\n<\/div>\n<p><label style=\"display: none !important;\">Leave this field empty if you're human: <input type=\"text\" name=\"_mc4wp_honeypot\" value=\"\" tabindex=\"-1\" autocomplete=\"off\" \/><\/label><input type=\"hidden\" name=\"_mc4wp_timestamp\" value=\"1776382516\" \/><input type=\"hidden\" name=\"_mc4wp_form_id\" value=\"155\" \/><input type=\"hidden\" name=\"_mc4wp_form_element_id\" value=\"mc4wp-form-1\" \/><\/p>\n<div class=\"mc4wp-response\"><\/div>\n<input type=\"hidden\" name=\"trp-form-language\" value=\"pl\"\/><\/form>\n<p><!-- \/ Mailchimp for WordPress Plugin --><\/p>\n<p>\n<\/div><\/div><\/div><\/div><\/div><\/section><\/p>","protected":false},"excerpt":{"rendered":"","protected":false},"author":2,"featured_media":0,"parent":0,"menu_order":0,"comment_status":"closed","ping_status":"closed","template":"page-full-width.php","meta":[],"_links":{"self":[{"href":"https:\/\/therapy-on-sea.co.uk\/pl\/wp-json\/wp\/v2\/pages\/279"}],"collection":[{"href":"https:\/\/therapy-on-sea.co.uk\/pl\/wp-json\/wp\/v2\/pages"}],"about":[{"href":"https:\/\/therapy-on-sea.co.uk\/pl\/wp-json\/wp\/v2\/types\/page"}],"author":[{"embeddable":true,"href":"https:\/\/therapy-on-sea.co.uk\/pl\/wp-json\/wp\/v2\/users\/2"}],"replies":[{"embeddable":true,"href":"https:\/\/therapy-on-sea.co.uk\/pl\/wp-json\/wp\/v2\/comments?post=279"}],"version-history":[{"count":14,"href":"https:\/\/therapy-on-sea.co.uk\/pl\/wp-json\/wp\/v2\/pages\/279\/revisions"}],"predecessor-version":[{"id":686,"href":"https:\/\/therapy-on-sea.co.uk\/pl\/wp-json\/wp\/v2\/pages\/279\/revisions\/686"}],"wp:attachment":[{"href":"https:\/\/therapy-on-sea.co.uk\/pl\/wp-json\/wp\/v2\/media?parent=279"}],"curies":[{"name":"wp","href":"https:\/\/api.w.org\/{rel}","templated":true}]}}