{"id":467,"date":"2017-12-20T10:57:16","date_gmt":"2017-12-20T10:57:16","guid":{"rendered":"http:\/\/demo.wphash.com\/paglagarod\/?page_id=16"},"modified":"2025-09-10T15:45:09","modified_gmt":"2025-09-10T15:45:09","slug":"how-i-can-help-you","status":"publish","type":"page","link":"https:\/\/therapy-on-sea.co.uk\/pl\/how-i-can-help-you\/","title":{"rendered":"JAK POMAGAM"},"content":{"rendered":"<p><section class=\"kc-elm kc-css-733097 kc_row section__title\"><div class=\"kc-row-container  kc-container\"><div class=\"kc-wrap-columns\"><div class=\"kc-elm kc-css-369646 kc_col-sm-12 kc_column kc_col-sm-12\"><div class=\"kc-col-container\"><div class=\"kc-elm kc-css-621358 kc_text_block\"><\/p>\n<h6 style=\"text-align: center;\">Pracuj\u0119 w podej\u015bciu holistycznym, maj\u0105c w centrum uwagi specyfik\u0119 problem\u00f3w i indywidualne potrzeby pacjenta.<span class=\"Apple-converted-space\">\u00a0<\/span><\/h6>\n<h6 style=\"text-align: center;\">Ogromn\u0105 wag\u0119 przywi\u0105zuj\u0119 do zbudowania optymalnej relacji mi\u0119dzy mn\u0105 a pecjentem. Od jako\u015bci tej relacji b\u0119dzie zale\u017ce\u0107 jako\u015b\u0107 efektow terapii.<span class=\"Apple-converted-space\">\u00a0<\/span><\/h6>\n<h6 style=\"text-align: center;\">Moimi klientami s\u0105 nastolatki oraz osoby doros\u0142e. Du\u017ca cz\u0119\u015b\u0107 moich klient\u00f3w to osoby mieszkaj\u0105ce w kraju, kt\u00f3ry nie jest ich krajem pochodzenia. Pracuj\u0119 z obcokrajowcami mieszkaj\u0105cymi w Polsce oraz Polakami mieszkaj\u0105cymi poza Polsk\u0105.<\/h6>\n<h6 style=\"text-align: center;\">Pracuj\u0119 w j\u0119zyku polskim i angielskim.<\/h6>\n<p>\n<\/div><\/div><\/div><\/div><\/div><\/section><section class=\"kc-elm kc-css-532759 kc_row section__title\"><div class=\"kc-row-container  kc-container\"><div class=\"kc-wrap-columns\"><div class=\"kc-elm kc-css-441941 kc_col-sm-12 kc_column kc_col-sm-12\"><div class=\"kc-col-container\">\n<div class=\"kc-elm kc-css-447449 kc-title-wrap\">\n\n\t<h3 class=\"kc_title text--theme\">Consultation<\/h3>\n<\/div>\n<\/div><\/div><\/div><\/div><\/section><section class=\"kc-elm kc-css-503119 kc_row section__title\"><div class=\"kc-row-container  kc-container\"><div class=\"kc-wrap-columns\"><div class=\"kc-elm kc-css-390299 kc_col-sm-12 kc_column kc_col-sm-12\"><div class=\"kc-col-container\">\n<div class=\"kc-elm kc-css-561072 kc-title-wrap\">\n\n\t<h3 class=\"kc_title text--theme\">Sesje terapeutyczne<\/h3>\n<\/div>\n<div class=\"kc-elm kc-css-631719 kc_text_block\"><\/p>\n<p class=\"p1\">Regular sessions of psychological help are a process that leads to deep changes.<span class=\"Apple-converted-space\">\u00a0<\/span><\/p>\n<p>\n<\/div><\/div><\/div><\/div><\/div><\/section><section class=\"kc-elm kc-css-469577 kc_row sction__title--2\"><div class=\"kc-row-container  kc-container\"><div class=\"kc-wrap-columns\"><div class=\"kc-elm kc-css-958377 kc_col-sm-12 kc_column kc_col-sm-12\"><div class=\"kc-col-container\">\n<div class=\"kc-elm kc-css-816891 kc-title-wrap\">\n\n\t<h3 class=\"kc_title text--theme\">Welcome to <span>\u201cPaglagarod\u201d<\/span><\/h3>\n<\/div>\n\n<div class=\"kc-elm kc-css-697614 kc-title-wrap\">\n\n\t<h4 class=\"kc_title text--theme\">More than 85% cases solved with success<\/h4>\n<\/div>\n<\/div><\/div><\/div><\/div><\/section><section class=\"kc-elm kc-css-216690 kc_row\"><div class=\"kc-row-container  kc-container\"><div class=\"kc-wrap-columns\"><div class=\"kc-elm kc-css-565505 kc_col-sm-6 kc_column kc_col-sm-6\"><div class=\"kc-col-container\">\t            <div class=\"kc-elm kc-css-874841\">\n\n                    <div class=\"features\">\n\n                        \t                        \t  \t<div class=\"features__icon\">\n                            \t<img src=\"https:\/\/therapy-on-sea.co.uk\/wp-content\/uploads\/2018\/01\/2.png\" alt=\"features\"> <\/div>\n                              \n\n                        <div class=\"features__details\">\n\t\t\t\t\t\t\t\t<h4>Konsultacje<\/h4><p>Bywa, \u017ce pojedyncze konsultacje wystarcz\u0105, by przedyskutowa\u0107 konkretny problem i przyjrze\u0107 si\u0119 mo\u017cliwym sposobom na pomocne i lecz\u0105ce rozwi\u0105zanie. \nCzasami pojedyncze konsultacje s\u0105 wst\u0119pem to procesu terapeutycznego.<\/p>\n                        <\/div>\n                    <\/div>\n\t\t\t\t<\/div>\n\t        <\/div><\/div><div class=\"kc-elm kc-css-441676 kc_col-sm-6 kc_column kc_col-sm-6\"><div class=\"kc-col-container\">\t            <div class=\"kc-elm kc-css-731670\">\n\n                    <div class=\"features\">\n\n                        \t                        \t  \t<div class=\"features__icon\">\n                            \t<img src=\"https:\/\/therapy-on-sea.co.uk\/wp-content\/uploads\/2018\/01\/1.png\" alt=\"features\"> <\/div>\n                              \n\n                        <div class=\"features__details\">\n\t\t\t\t\t\t\t\t<h4>Sesje Terapeutyczne<\/h4><p>Oferuj\u0119 prac\u0119, kt\u00f3ra jest procesem terapeutycznym: regularnymi sesjami w okre\u015blonym lub nieokre\u015blonym przedziale czasu.\nCzas trwania procesu terapeutycznego uzgadniany jest indywidualnie, adekwatnie do potrzeb i oczekiwa\u0144 klientki \/ klienta.<\/p>\n                        <\/div>\n                    <\/div>\n\t\t\t\t<\/div>\n\t        <\/div><\/div><\/div><\/div><\/section><section data-kc-fullwidth=\"content\" class=\"kc-elm kc-css-210928 kc_row\"><div class=\"kc-row-container\"><div class=\"kc-wrap-columns\"><div class=\"kc-elm kc-css-365796 kc_col-sm-5 kc_column kc_col-sm-5 htc__try__solveleft\"><div class=\"kc-col-container\"><div class=\"kc-elm kc-css-33253 kc-feature-boxes kc-fb-layout-5 htc__try__details\">\n\n\t<div class=\"content-title\">\"Je\u015bli kto\u015b jest szcz\u0119\u015bliwy, to nie dlatego, \u017ce wszystko w jego \u017cyciu dobrze si\u0119 uk\u0142ada. Jest szcz\u0119\u015bliwy dlatego, \u017ce jego podej\u015bcie do wszystkiego w \u017cyciu jest dobre.\"<\/div><div class=\"content-desc\">- Sundar Pichai<\/div>\n<\/div>\n<\/div><\/div><div class=\"kc-elm kc-css-292839 kc_col-sm-7 kc_column kc_col-sm-7 service_max_width\"><div class=\"display_flex_items kc-col-container\"><div class=\"kc-elm kc-css-184607 kc_text_block\"><\/p>\n<h5>CZY TO JEST DLA CIEBIE?<\/h5>\n<ul>\n<li class=\"p1\">Je\u015bli czujesz, \u017ce to, jak dot\u0105d \u017cyjesz, nie przynosi Ci poczucia szcz\u0119\u015bcia i spokoju.<\/li>\n<li class=\"p1\">Je\u015bli czujesz, \u017ce to, czego do\u015bwiadczasz w \u017cyciu, przerasta Twoje si\u0142y.<\/li>\n<li class=\"p1\">Je\u015bli niepokoi Ci\u0119 co\u015b w Twoim funkcjonowaniu: do\u015bwiadczasz stan\u00f3w l\u0119kowych, cierpisz na depresj\u0119, prze\u017cywasz ataki paniki.<\/li>\n<li class=\"p1\">Je\u015bli masz fizyczne dolegliwo\u015bci, ale lekarze nie znajduj\u0105 ich biologicznych  przyczyn.<span class=\"Apple-converted-space\">\u00a0<\/span>doctors can&#039;t find any biological<span class=\"Apple-converted-space\">\u00a0<\/span>causes;<\/li>\n<li class=\"p1\">Je\u015bli czujesz si\u0119 samotnie.<\/li>\n<li class=\"p1\">Je\u015bli widzisz, \u017ce wsparcie i rady, kt\u00f3re otrzymujesz od bliskich, nie s\u0105 dla Ciebie wystarczaj\u0105ce.<\/li>\n<li class=\"p1\">Je\u015bli masz w sobie gotowo\u015b\u0107, by przyjrze\u0107 si\u0119 sobie i w sobie szuka\u0107 odpowiedzi.<\/li>\n<\/ul>\n<p><em><strong>\u00a0<\/strong><\/em><\/p>\n<p><em><strong>\u2026 ch\u0119tnie b\u0119d\u0119 towarzyszy\u0107 Ci w procesie prowadz\u0105cym do zmiany.<\/strong><\/em><\/p>\n<p>\n<\/div><\/div><\/div><\/div><\/div><\/section><section class=\"kc-elm kc-css-239713 kc_row section__title\"><div class=\"kc-row-container  kc-container\"><div class=\"kc-wrap-columns\"><div class=\"kc-elm kc-css-562856 kc_col-sm-12 kc_column kc_col-sm-12\"><div class=\"kc-col-container\">\n<div class=\"kc-elm kc-css-706037 kc-title-wrap\">\n\n\t<h2 class=\"kc_title text--theme\">Success Stories<\/h2>\n<\/div>\n<div class=\"kc-elm kc-css-57806 kc_text_block\"><\/p>\n<p>\nOn the other hand, we denounce with righteous indignation and dislike men who are so beguiled and demoralized by the charms of pleasure of the moment blinded<\/p>\n<p>\n<\/div><\/div><\/div><\/div><\/div><\/section><section class=\"kc-elm kc-css-477561 kc_row\"><div class=\"kc-row-container  kc-container\"><div class=\"kc-wrap-columns\"><div class=\"kc-elm kc-css-170623 kc_col-sm-12 kc_column kc_col-sm-12\"><div class=\"kc-col-container\">\n           \t<div class=\"htc__success__area  kc-elm kc-css-535470  indicator-style\">\n\n\t\t\t\t<div class=\"htc__success__activation owl-theme owl-carousel\">\n\n\t\t\t\t\t\n\t\t\t\t\t\t                        <div class=\"ht__single__success clearfix bg__gray\">\n                            <div class=\"col-md-5 col-lg-5 col-12\">\n                                <div class=\"ht__success__thumb\">\n                                    <img width=\"490\" height=\"410\" src=\"https:\/\/therapy-on-sea.co.uk\/wp-content\/uploads\/2018\/01\/success-490x410.jpg\" class=\"attachment-paglagarod_success_img_size size-paglagarod_success_img_size\" alt=\"\" loading=\"lazy\" \/>                                <\/div>\n                            <\/div>\n                            <div class=\"col-md-7 col-lg-7 col-12\">\n                                <div class=\"ht__success__inner\">\n                                    <div class=\"ht__success__content\">\n                                    \t                                        <h2>Raisa Jasmin<\/h2>\n                                                                                                                        <p>Perspiciatis unde omnis iste natus error sit voluptatem accusantium mque laudantium, totam rem aperiam, eaque ipsa quae ab illo ntore veritatis et quasi architecto beatae vitae dicta sunt explicabo. Nemo enim ipsamo quia voluptas sit aspernatur aut odit aut fugit, sed quia consequuntur<\/p>\n                                                                            <\/div>\n                                <\/div>\n                            <\/div>\n                        <\/div>                       \n\t\t\t\t\t\n\t\t\t\t\t\t                        <div class=\"ht__single__success clearfix bg__gray\">\n                            <div class=\"col-md-5 col-lg-5 col-12\">\n                                <div class=\"ht__success__thumb\">\n                                    <img width=\"490\" height=\"410\" src=\"https:\/\/therapy-on-sea.co.uk\/wp-content\/uploads\/2018\/01\/success2-490x410.jpg\" class=\"attachment-paglagarod_success_img_size size-paglagarod_success_img_size\" alt=\"\" loading=\"lazy\" \/>                                <\/div>\n                            <\/div>\n                            <div class=\"col-md-7 col-lg-7 col-12\">\n                                <div class=\"ht__success__inner\">\n                                    <div class=\"ht__success__content\">\n                                    \t                                        <h2>Rehana Khatun<\/h2>\n                                                                                                                        <p>Perspiciatis unde omnis iste natus error sit voluptatem accusantium mque laudantium, totam rem aperiam, eaque ipsa quae ab illo ntore veritatis et quasi architecto beatae vitae dicta sunt explicabo. Nemo enim ipsamo quia voluptas sit aspernatur aut odit aut fugit, sed quia consequuntur<\/p>\n                                                                            <\/div>\n                                <\/div>\n                            <\/div>\n                        <\/div>                       \n\t\t\t\t\t\n\t\t\t\t\t\t                        <div class=\"ht__single__success clearfix bg__gray\">\n                            <div class=\"col-md-5 col-lg-5 col-12\">\n                                <div class=\"ht__success__thumb\">\n                                    <img width=\"490\" height=\"410\" src=\"https:\/\/therapy-on-sea.co.uk\/wp-content\/uploads\/2018\/01\/success-490x410.jpg\" class=\"attachment-paglagarod_success_img_size size-paglagarod_success_img_size\" alt=\"\" loading=\"lazy\" \/>                                <\/div>\n                            <\/div>\n                            <div class=\"col-md-7 col-lg-7 col-12\">\n                                <div class=\"ht__success__inner\">\n                                    <div class=\"ht__success__content\">\n                                    \t                                        <h2>Nabisa Akter<\/h2>\n                                                                                                                        <p>Perspiciatis unde omnis iste natus error sit voluptatem accusantium mque laudantium, totam rem aperiam, eaque ipsa quae ab illo ntore veritatis et quasi architecto beatae vitae dicta sunt explicabo. Nemo enim ipsamo quia voluptas sit aspernatur aut odit aut fugit, sed quia consequuntur<\/p>\n                                                                            <\/div>\n                                <\/div>\n                            <\/div>\n                        <\/div>                       \n\t\t\t\t\t\t\t\t\t\n\n\t\t\t\t<\/div>\t\t\t\t\n\t\t\t        <script type=\"text\/javascript\">\n\t\t\t          (function($){\n\n\t\t\t            var slide_button_set = true;\n\t\t\t            \n\t\t\t            var slide_autoplay_set = true;\n\n\t\t\t\t    $('.htc__success__activation').owlCarousel({\n\t\t\t\t      loop: true,\n\t\t\t\t      margin:0,\n\t\t\t\t      nav:false,\n\t\t\t\t      smartSpeed: 1000,\n\t\t\t\t      autoplay: slide_autoplay_set,\n\t\t\t\t      autoplayTimeout: 10000,\n\t\t\t\t      items:1,\n\t\t\t\t      dots: slide_button_set,\n\t\t\t\t      lazyLoad: true,\n\t\t\t\t      responsive:{\n\t\t\t\t        0:{\n\t\t\t\t          items:1\n\t\t\t\t        },\n\t\t\t\t        600:{\n\t\t\t\t          items:1\n\t\t\t\t        },\n\t\t\t\t      }\n\t\t\t\t    });\n\n\t\t\t          })(jQuery);\n\t\t\t        <\/script>\n\n\t\t\t<\/div>\n\n\t        <\/div><\/div><\/div><\/div><\/section><section class=\"kc-elm kc-css-12622 kc_row\"><div class=\"kc-row-container  kc-container  subscribe--3\"><div class=\"kc-wrap-columns\"><div class=\"kc-elm kc-css-583005 kc_col-sm-5 kc_column kc_col-sm-5 htc__subscribe__inner\"><div class=\"kc-col-container\">\n<div class=\"kc-elm kc-css-694505 kc-title-wrap\">\n\n\t<h2 class=\"kc_title\">Subscribe Email<\/h2>\n<\/div>\n\n<div class=\"kc-elm kc-css-144997 kc-title-wrap\">\n\n\t<h4 class=\"kc_title\">Get our latest news & update regularly<\/h4>\n<\/div>\n<\/div><\/div><div class=\"kc-elm kc-css-97557 kc_col-sm-7 kc_column kc_col-sm-7\"><div class=\"kc-col-container\"><div class=\"kc-elm kc-css-102720 kc_text_block\"><\/p>\n<p><script>(function() {\n\twindow.mc4wp = window.mc4wp || {\n\t\tlisteners: [],\n\t\tforms: {\n\t\t\ton: function(evt, cb) {\n\t\t\t\twindow.mc4wp.listeners.push(\n\t\t\t\t\t{\n\t\t\t\t\t\tevent   : evt,\n\t\t\t\t\t\tcallback: cb\n\t\t\t\t\t}\n\t\t\t\t);\n\t\t\t}\n\t\t}\n\t}\n})();\n<\/script><!-- Mailchimp for WordPress v4.8.10 - https:\/\/wordpress.org\/plugins\/mailchimp-for-wp\/ --><\/p>\n<form id=\"mc4wp-form-1\" class=\"mc4wp-form mc4wp-form-155\" method=\"post\" data-id=\"155\" data-name=\"Paglagarod\" action=\"\" >\n<div class=\"mc4wp-form-fields\">\n<div id=\"mc_embed_signup_scroll\" class=\"htc__news__inner\">\n<div class=\"news__input\"><input type=\"email\" name=\"EMAIL\" placeholder=\"Your email address\" required \/>\n  <\/div>\n<div class=\"clearfix subscribe__btn\"><input type=\"submit\" value=\"Sign up\" class=\"bst__btn btn--white__color\" \/>\n  <\/div>\n<\/div>\n<\/div>\n<p><label style=\"display: none !important;\">Leave this field empty if you're human: <input type=\"text\" name=\"_mc4wp_honeypot\" value=\"\" tabindex=\"-1\" autocomplete=\"off\" \/><\/label><input type=\"hidden\" name=\"_mc4wp_timestamp\" value=\"1776382008\" \/><input type=\"hidden\" name=\"_mc4wp_form_id\" value=\"155\" \/><input type=\"hidden\" name=\"_mc4wp_form_element_id\" value=\"mc4wp-form-1\" \/><\/p>\n<div class=\"mc4wp-response\"><\/div>\n<input type=\"hidden\" name=\"trp-form-language\" value=\"pl\"\/><\/form>\n<p><!-- \/ Mailchimp for WordPress Plugin --><\/p>\n<p>\n<\/div><\/div><\/div><\/div><\/div><\/section><\/p>","protected":false},"excerpt":{"rendered":"","protected":false},"author":2,"featured_media":0,"parent":0,"menu_order":0,"comment_status":"closed","ping_status":"closed","template":"page-full-width.php","meta":[],"_links":{"self":[{"href":"https:\/\/therapy-on-sea.co.uk\/pl\/wp-json\/wp\/v2\/pages\/467"}],"collection":[{"href":"https:\/\/therapy-on-sea.co.uk\/pl\/wp-json\/wp\/v2\/pages"}],"about":[{"href":"https:\/\/therapy-on-sea.co.uk\/pl\/wp-json\/wp\/v2\/types\/page"}],"author":[{"embeddable":true,"href":"https:\/\/therapy-on-sea.co.uk\/pl\/wp-json\/wp\/v2\/users\/2"}],"replies":[{"embeddable":true,"href":"https:\/\/therapy-on-sea.co.uk\/pl\/wp-json\/wp\/v2\/comments?post=467"}],"version-history":[{"count":11,"href":"https:\/\/therapy-on-sea.co.uk\/pl\/wp-json\/wp\/v2\/pages\/467\/revisions"}],"predecessor-version":[{"id":684,"href":"https:\/\/therapy-on-sea.co.uk\/pl\/wp-json\/wp\/v2\/pages\/467\/revisions\/684"}],"wp:attachment":[{"href":"https:\/\/therapy-on-sea.co.uk\/pl\/wp-json\/wp\/v2\/media?parent=467"}],"curies":[{"name":"wp","href":"https:\/\/api.w.org\/{rel}","templated":true}]}}